{"id":36,"date":"2025-12-27T16:27:18","date_gmt":"2025-12-27T16:27:18","guid":{"rendered":"http:\/\/chrysaliss.be\/?page_id=36"},"modified":"2025-12-27T16:31:03","modified_gmt":"2025-12-27T16:31:03","slug":"a-propos","status":"publish","type":"page","link":"https:\/\/chrysaliss.be\/?page_id=36","title":{"rendered":"A Propos"},"content":{"rendered":"\n<p>Chrysaliss est un duo form\u00e9 par M\u00e9lanie Tournay \u00e0 l\u2019accord\u00e9on et Eric Chardon au<\/p>\n\n\n\n<p>violoncelle, unissant leurs talents pour cr\u00e9er une exp\u00e9rience musicale<\/p>\n\n\n\n<p>unique.<\/p>\n\n\n\n<p> Le nom Chrysaliss \u00e9voque cette \u00e9tape de transformation,<\/p>\n\n\n\n<p>comme un papillon qui \u00e9merge et d\u00e9voile sa beaut\u00e9. <\/p>\n\n\n\n<p>\u00c0 travers leur      <\/p>\n\n\n\n<p>musique, ils souhaitent capturer l\u2019\u00e9ph\u00e9m\u00e8re d\u2019un concert, ces<\/p>\n\n\n\n<p>moments fugaces qui marquent les esprits.<\/p>\n\n\n\n<p>Leur r\u00e9pertoire, riche et diversifi\u00e9, explore une vari\u00e9t\u00e9 d\u2019\u00e9motions, des<\/p>\n\n\n\n<p>pi\u00e8ces classiques aux compositions plus contemporaines. Chaque<\/p>\n\n\n\n<p>concert est une invitation \u00e0 ressentir et \u00e0 se laisser emporter par la<\/p>\n\n\n\n<p>musique. Chrysaliss aspire \u00e0 toucher le c\u0153ur et l\u2019\u00e2me du public,<\/p>\n\n\n\n<p>transformant ces instants partag\u00e9s en souvenirs pr\u00e9cieux.<\/p>\n\n\n\n<p>Avec Chrysaliss, chaque concert devient une occasion de c\u00e9l\u00e9brer la<\/p>\n\n\n\n<p>beaut\u00e9 de l\u2019instant pr\u00e9sent et d\u2019explorer les \u00e9motions qui nous<\/p>\n\n\n\n<p>rassemblent, tout en restant accessibles et proches de ceux qui les<\/p>\n\n\n\n<p>\u00e9coutent.<\/p>\n","protected":false},"excerpt":{"rendered":"<p>Chrysaliss est un duo form\u00e9 par M\u00e9lanie Tournay \u00e0 l\u2019accord\u00e9on et Eric Chardon au violoncelle, unissant leurs talents pour cr\u00e9er une exp\u00e9rience musicale unique. Le nom Chrysaliss \u00e9voque cette \u00e9tape de transformation, comme un papillon qui \u00e9merge et d\u00e9voile sa beaut\u00e9. \u00c0 travers leur musique, ils souhaitent capturer l\u2019\u00e9ph\u00e9m\u00e8re d\u2019un concert, ces moments fugaces qui [&hellip;]<\/p>\n","protected":false},"author":1,"featured_media":0,"parent":0,"menu_order":0,"comment_status":"closed","ping_status":"closed","template":"","meta":{"footnotes":""},"class_list":["post-36","page","type-page","status-publish","hentry"],"_links":{"self":[{"href":"https:\/\/chrysaliss.be\/index.php?rest_route=\/wp\/v2\/pages\/36","targetHints":{"allow":["GET"]}}],"collection":[{"href":"https:\/\/chrysaliss.be\/index.php?rest_route=\/wp\/v2\/pages"}],"about":[{"href":"https:\/\/chrysaliss.be\/index.php?rest_route=\/wp\/v2\/types\/page"}],"author":[{"embeddable":true,"href":"https:\/\/chrysaliss.be\/index.php?rest_route=\/wp\/v2\/users\/1"}],"replies":[{"embeddable":true,"href":"https:\/\/chrysaliss.be\/index.php?rest_route=%2Fwp%2Fv2%2Fcomments&post=36"}],"version-history":[{"count":2,"href":"https:\/\/chrysaliss.be\/index.php?rest_route=\/wp\/v2\/pages\/36\/revisions"}],"predecessor-version":[{"id":38,"href":"https:\/\/chrysaliss.be\/index.php?rest_route=\/wp\/v2\/pages\/36\/revisions\/38"}],"wp:attachment":[{"href":"https:\/\/chrysaliss.be\/index.php?rest_route=%2Fwp%2Fv2%2Fmedia&parent=36"}],"curies":[{"name":"wp","href":"https:\/\/api.w.org\/{rel}","templated":true}]}}